{"id":192,"date":"2023-03-09T11:23:00","date_gmt":"2023-03-09T16:23:00","guid":{"rendered":"https:\/\/ontrucking.wpengine.com\/?page_id=192"},"modified":"2023-03-17T16:36:23","modified_gmt":"2023-03-17T20:36:23","slug":"thank-you","status":"publish","type":"page","link":"https:\/\/supportchange.ca\/fr\/thank-you\/","title":{"rendered":"Thank you (FR)"},"content":{"rendered":"<div id=\"hero-block_2db7fafd03afb0d3e9b0e1c1c2cd9d70\" class=\"heros\">\n        <div class=\"hero\">\n            <div class=\"container\">\n                <div class=\"row align-items-center\">\n                    <div class=\"col-lg-6 hero-caption block\">\n                        <div class=\"caption-content\">\n                            <h1 data-aos=\"fade-up\">Merci pour<br\/> <strong>votre appui!<\/strong><\/h1><div class=\"content\" data-aos=\"fade-up\"><p>Votre mot a \u00e9t\u00e9 envoy\u00e9 \u00e0 l&rsquo;honorable Caroline Mulroney, au d\u00e9put\u00e9 Amarjot Sandhu et au minist\u00e8re des Transports de l&rsquo;Ontario.<\/p>\n<\/div><div class=\"hero-buttons\" data-aos=\"fade-up\"><a href=\"https:\/\/ota.sparkadvocacy.dev\/fr\/\" class=\"btn btn-primary\">RETOUR<\/a><\/div>                        <\/div>\n                    <\/div>\n                <\/div>\n            <\/div>\n            <div class=\"hero-asset block\">\n                                    <img loading=\"lazy\" decoding=\"async\" src=\"https:\/\/supportchange.ca\/wp-content\/uploads\/2023\/03\/OTA-hero-trucks.jpg\" alt=\"\" width=\"2500\" height=\"2461\" \/>\n                    <!--<video preload= \"true\" loop=\"loop\" playsinline autoplay muted loop><source src=\"https:\/\/supportchange.ca\/wp-content\/uploads\/2023\/03\/OTA-hero-trucks.jpg\" type=\"video\/mp4\" \/>Your browser does not support the video tag.<\/video>-->\n                            <\/div>\n        <\/div>\n<\/div>\n\n\n<section class=\"wp-block-group has-white-color has-text-color has-background\" style=\"background-color:#272b29;padding-top:var(--wp--preset--spacing--80);padding-right:var(--wp--preset--spacing--20);padding-bottom:var(--wp--preset--spacing--80);padding-left:var(--wp--preset--spacing--20)\"><div class=\"wp-block-group__inner-container is-layout-constrained wp-container-core-group-is-layout-48e4a9da wp-block-group-is-layout-constrained\">\n<p class=\"has-text-align-center mx-w-md\" data-aos=\"fade-up\">Thanks to the many voices in the trucking industry and efforts by the Ontario Trucking Association, the Ontario Ministry of Transportation is proposing changes to how truck drivers renew their air brake endorsement (Z) on their commercial driver\u2019s licence. If the proposal passes, there will be more flexible, modernized options for drivers to renew air brake endorsements on existing licences without having to take the written knowledge test.<\/p>\n<\/div><\/section>\n","protected":false},"excerpt":{"rendered":"<p>Thanks to the many voices in the trucking industry and efforts by the Ontario Trucking Association, the Ontario Ministry of [&hellip;]<\/p>\n","protected":false},"author":4,"featured_media":0,"parent":0,"menu_order":0,"comment_status":"closed","ping_status":"closed","template":"page-fw-notitle.php","meta":{"_acf_changed":false,"footnotes":""},"class_list":["post-192","page","type-page","status-publish","hentry"],"acf":[],"yoast_head":"<!-- This site is optimized with the Yoast SEO plugin v27.3 - https:\/\/yoast.com\/product\/yoast-seo-wordpress\/ -->\n<title>Thank you (FR) | Ontario Trucking Association<\/title>\n<meta name=\"robots\" content=\"index, follow, max-snippet:-1, max-image-preview:large, max-video-preview:-1\" \/>\n<link rel=\"canonical\" href=\"https:\/\/supportchange.ca\/fr\/thank-you\/\" \/>\n<meta property=\"og:locale\" content=\"fr_FR\" \/>\n<meta property=\"og:type\" content=\"article\" \/>\n<meta property=\"og:title\" content=\"Thank you (FR) | Ontario Trucking Association\" \/>\n<meta property=\"og:description\" content=\"Thanks to the many voices in the trucking industry and efforts by the Ontario Trucking Association, the Ontario Ministry of [&hellip;]\" \/>\n<meta property=\"og:url\" content=\"https:\/\/supportchange.ca\/fr\/thank-you\/\" \/>\n<meta property=\"og:site_name\" content=\"Ontario Trucking Association\" \/>\n<meta property=\"article:publisher\" content=\"https:\/\/www.facebook.com\/pages\/OTA-Premier-Events\/202193323261162\" \/>\n<meta property=\"article:modified_time\" content=\"2023-03-17T20:36:23+00:00\" \/>\n<meta name=\"twitter:card\" content=\"summary_large_image\" \/>\n<meta name=\"twitter:site\" content=\"@OnTruck\" \/>\n<meta name=\"twitter:label1\" content=\"Dur\u00e9e de lecture estim\u00e9e\" \/>\n\t<meta name=\"twitter:data1\" content=\"1 minute\" \/>\n<script type=\"application\/ld+json\" class=\"yoast-schema-graph\">{\"@context\":\"https:\\\/\\\/schema.org\",\"@graph\":[{\"@type\":\"WebPage\",\"@id\":\"https:\\\/\\\/supportchange.ca\\\/fr\\\/thank-you\\\/\",\"url\":\"https:\\\/\\\/supportchange.ca\\\/fr\\\/thank-you\\\/\",\"name\":\"Thank you (FR) | Ontario Trucking Association\",\"isPartOf\":{\"@id\":\"https:\\\/\\\/supportchange.ca\\\/fr\\\/#website\"},\"datePublished\":\"2023-03-09T16:23:00+00:00\",\"dateModified\":\"2023-03-17T20:36:23+00:00\",\"breadcrumb\":{\"@id\":\"https:\\\/\\\/supportchange.ca\\\/fr\\\/thank-you\\\/#breadcrumb\"},\"inLanguage\":\"fr-FR\",\"potentialAction\":[{\"@type\":\"ReadAction\",\"target\":[\"https:\\\/\\\/supportchange.ca\\\/fr\\\/thank-you\\\/\"]}]},{\"@type\":\"BreadcrumbList\",\"@id\":\"https:\\\/\\\/supportchange.ca\\\/fr\\\/thank-you\\\/#breadcrumb\",\"itemListElement\":[{\"@type\":\"ListItem\",\"position\":1,\"name\":\"Home\",\"item\":\"https:\\\/\\\/supportchange.ca\\\/fr\\\/\"},{\"@type\":\"ListItem\",\"position\":2,\"name\":\"Thank you (FR)\"}]},{\"@type\":\"WebSite\",\"@id\":\"https:\\\/\\\/supportchange.ca\\\/fr\\\/#website\",\"url\":\"https:\\\/\\\/supportchange.ca\\\/fr\\\/\",\"name\":\"Ontario Trucking Association\",\"description\":\"Support Change\",\"publisher\":{\"@id\":\"https:\\\/\\\/supportchange.ca\\\/fr\\\/#organization\"},\"potentialAction\":[{\"@type\":\"SearchAction\",\"target\":{\"@type\":\"EntryPoint\",\"urlTemplate\":\"https:\\\/\\\/supportchange.ca\\\/fr\\\/?s={search_term_string}\"},\"query-input\":{\"@type\":\"PropertyValueSpecification\",\"valueRequired\":true,\"valueName\":\"search_term_string\"}}],\"inLanguage\":\"fr-FR\"},{\"@type\":\"Organization\",\"@id\":\"https:\\\/\\\/supportchange.ca\\\/fr\\\/#organization\",\"name\":\"Ontario Trucking Association\",\"url\":\"https:\\\/\\\/supportchange.ca\\\/fr\\\/\",\"logo\":{\"@type\":\"ImageObject\",\"inLanguage\":\"fr-FR\",\"@id\":\"https:\\\/\\\/supportchange.ca\\\/fr\\\/#\\\/schema\\\/logo\\\/image\\\/\",\"url\":\"https:\\\/\\\/ontrucking.wpengine.com\\\/wp-content\\\/uploads\\\/2023\\\/03\\\/OTA_favicon.png\",\"contentUrl\":\"https:\\\/\\\/ontrucking.wpengine.com\\\/wp-content\\\/uploads\\\/2023\\\/03\\\/OTA_favicon.png\",\"width\":250,\"height\":250,\"caption\":\"Ontario Trucking Association\"},\"image\":{\"@id\":\"https:\\\/\\\/supportchange.ca\\\/fr\\\/#\\\/schema\\\/logo\\\/image\\\/\"},\"sameAs\":[\"https:\\\/\\\/www.facebook.com\\\/pages\\\/OTA-Premier-Events\\\/202193323261162\",\"https:\\\/\\\/x.com\\\/OnTruck\"]}]}<\/script>\n<!-- \/ Yoast SEO plugin. -->","yoast_head_json":{"title":"Thank you (FR) | Ontario Trucking Association","robots":{"index":"index","follow":"follow","max-snippet":"max-snippet:-1","max-image-preview":"max-image-preview:large","max-video-preview":"max-video-preview:-1"},"canonical":"https:\/\/supportchange.ca\/fr\/thank-you\/","og_locale":"fr_FR","og_type":"article","og_title":"Thank you (FR) | Ontario Trucking Association","og_description":"Thanks to the many voices in the trucking industry and efforts by the Ontario Trucking Association, the Ontario Ministry of [&hellip;]","og_url":"https:\/\/supportchange.ca\/fr\/thank-you\/","og_site_name":"Ontario Trucking Association","article_publisher":"https:\/\/www.facebook.com\/pages\/OTA-Premier-Events\/202193323261162","article_modified_time":"2023-03-17T20:36:23+00:00","twitter_card":"summary_large_image","twitter_site":"@OnTruck","twitter_misc":{"Dur\u00e9e de lecture estim\u00e9e":"1 minute"},"schema":{"@context":"https:\/\/schema.org","@graph":[{"@type":"WebPage","@id":"https:\/\/supportchange.ca\/fr\/thank-you\/","url":"https:\/\/supportchange.ca\/fr\/thank-you\/","name":"Thank you (FR) | Ontario Trucking Association","isPartOf":{"@id":"https:\/\/supportchange.ca\/fr\/#website"},"datePublished":"2023-03-09T16:23:00+00:00","dateModified":"2023-03-17T20:36:23+00:00","breadcrumb":{"@id":"https:\/\/supportchange.ca\/fr\/thank-you\/#breadcrumb"},"inLanguage":"fr-FR","potentialAction":[{"@type":"ReadAction","target":["https:\/\/supportchange.ca\/fr\/thank-you\/"]}]},{"@type":"BreadcrumbList","@id":"https:\/\/supportchange.ca\/fr\/thank-you\/#breadcrumb","itemListElement":[{"@type":"ListItem","position":1,"name":"Home","item":"https:\/\/supportchange.ca\/fr\/"},{"@type":"ListItem","position":2,"name":"Thank you (FR)"}]},{"@type":"WebSite","@id":"https:\/\/supportchange.ca\/fr\/#website","url":"https:\/\/supportchange.ca\/fr\/","name":"Ontario Trucking Association","description":"Support Change","publisher":{"@id":"https:\/\/supportchange.ca\/fr\/#organization"},"potentialAction":[{"@type":"SearchAction","target":{"@type":"EntryPoint","urlTemplate":"https:\/\/supportchange.ca\/fr\/?s={search_term_string}"},"query-input":{"@type":"PropertyValueSpecification","valueRequired":true,"valueName":"search_term_string"}}],"inLanguage":"fr-FR"},{"@type":"Organization","@id":"https:\/\/supportchange.ca\/fr\/#organization","name":"Ontario Trucking Association","url":"https:\/\/supportchange.ca\/fr\/","logo":{"@type":"ImageObject","inLanguage":"fr-FR","@id":"https:\/\/supportchange.ca\/fr\/#\/schema\/logo\/image\/","url":"https:\/\/ontrucking.wpengine.com\/wp-content\/uploads\/2023\/03\/OTA_favicon.png","contentUrl":"https:\/\/ontrucking.wpengine.com\/wp-content\/uploads\/2023\/03\/OTA_favicon.png","width":250,"height":250,"caption":"Ontario Trucking Association"},"image":{"@id":"https:\/\/supportchange.ca\/fr\/#\/schema\/logo\/image\/"},"sameAs":["https:\/\/www.facebook.com\/pages\/OTA-Premier-Events\/202193323261162","https:\/\/x.com\/OnTruck"]}]}},"_links":{"self":[{"href":"https:\/\/supportchange.ca\/fr\/wp-json\/wp\/v2\/pages\/192","targetHints":{"allow":["GET"]}}],"collection":[{"href":"https:\/\/supportchange.ca\/fr\/wp-json\/wp\/v2\/pages"}],"about":[{"href":"https:\/\/supportchange.ca\/fr\/wp-json\/wp\/v2\/types\/page"}],"author":[{"embeddable":true,"href":"https:\/\/supportchange.ca\/fr\/wp-json\/wp\/v2\/users\/4"}],"replies":[{"embeddable":true,"href":"https:\/\/supportchange.ca\/fr\/wp-json\/wp\/v2\/comments?post=192"}],"version-history":[{"count":0,"href":"https:\/\/supportchange.ca\/fr\/wp-json\/wp\/v2\/pages\/192\/revisions"}],"wp:attachment":[{"href":"https:\/\/supportchange.ca\/fr\/wp-json\/wp\/v2\/media?parent=192"}],"curies":[{"name":"wp","href":"https:\/\/api.w.org\/{rel}","templated":true}]}}